{"id":4909,"date":"2024-02-13T23:37:19","date_gmt":"2024-02-13T23:37:19","guid":{"rendered":"https:\/\/alquiladoracoyoacan.com\/?post_type=product&#038;p=4909"},"modified":"2025-02-23T05:24:03","modified_gmt":"2025-02-23T05:24:03","slug":"renta-copa-para-conac","status":"publish","type":"product","link":"https:\/\/alquiladoracoyoacan.com\/product\/renta-copa-para-conac\/","title":{"rendered":"Renta Copa Para Co\u00f1ac"},"content":{"rendered":"","protected":false},"excerpt":{"rendered":"<p>Renta Copa Para Co\u00f1ac. En el caso de uso de cristaler\u00eda, el cliente debe entregar cristaler\u00eda limpia, en caso de lo contrario se debe cubrir una cuota de $2 por pieza.<\/p>\n<p>Si realiza su pedido v\u00eda Internet considere hacerlo con por lo menos 72 hrs de anticipaci\u00f3n para una mayor probabilidad de disponibilidad. Al recibir su pedido un ejecutivo se comunicara a su tel\u00e9fono para confirmar el inventario disponible y la fecha de su evento y entrega.<\/p>\n","protected":false},"featured_media":4907,"comment_status":"open","ping_status":"closed","template":"","meta":{"_uag_custom_page_level_css":"","site-sidebar-layout":"default","site-content-layout":"default","ast-global-header-display":"","ast-main-header-display":"","ast-hfb-above-header-display":"","ast-hfb-below-header-display":"","ast-hfb-mobile-header-display":"","site-post-title":"","ast-breadcrumbs-content":"","ast-featured-img":"","footer-sml-layout":"","theme-transparent-header-meta":"default","adv-header-id-meta":"","stick-header-meta":"","header-above-stick-meta":"","header-main-stick-meta":"","header-below-stick-meta":""},"product_cat":[70],"product_tag":[],"class_list":{"0":"post-4909","1":"product","2":"type-product","3":"status-publish","4":"has-post-thumbnail","6":"product_cat-renta-vajilla-y-cristaleria","7":"desktop-align-left","8":"tablet-align-left","9":"mobile-align-left","11":"first","12":"instock","13":"shipping-taxable","14":"purchasable","15":"product-type-simple"},"uagb_featured_image_src":{"full":["https:\/\/alquiladoracoyoacan.com\/wp-content\/uploads\/2024\/02\/55-3.png",1080,1080,false],"thumbnail":["https:\/\/alquiladoracoyoacan.com\/wp-content\/uploads\/2024\/02\/55-3-150x150.png",150,150,true],"medium":["https:\/\/alquiladoracoyoacan.com\/wp-content\/uploads\/2024\/02\/55-3-300x300.png",300,300,true],"medium_large":["https:\/\/alquiladoracoyoacan.com\/wp-content\/uploads\/2024\/02\/55-3-768x768.png",768,768,true],"large":["https:\/\/alquiladoracoyoacan.com\/wp-content\/uploads\/2024\/02\/55-3-1024x1024.png",1024,1024,true],"1536x1536":["https:\/\/alquiladoracoyoacan.com\/wp-content\/uploads\/2024\/02\/55-3.png",1080,1080,false],"2048x2048":["https:\/\/alquiladoracoyoacan.com\/wp-content\/uploads\/2024\/02\/55-3.png",1080,1080,false],"woocommerce_thumbnail":["https:\/\/alquiladoracoyoacan.com\/wp-content\/uploads\/2024\/02\/55-3-300x300.png",300,300,true],"woocommerce_single":["https:\/\/alquiladoracoyoacan.com\/wp-content\/uploads\/2024\/02\/55-3-600x600.png",600,600,true],"woocommerce_gallery_thumbnail":["https:\/\/alquiladoracoyoacan.com\/wp-content\/uploads\/2024\/02\/55-3-100x100.png",100,100,true]},"uagb_author_info":{"display_name":"alquiladoracoyoacan@gmail.com","author_link":"https:\/\/alquiladoracoyoacan.com\/author\/"},"uagb_comment_info":0,"uagb_excerpt":"Renta Copa Para Co\u00f1ac. En el caso de uso de cristaler\u00eda, el cliente debe entregar cristaler\u00eda limpia, en caso de lo contrario se debe cubrir una cuota de $2 por pieza. Si realiza su pedido v\u00eda Internet considere hacerlo con por lo menos 72 hrs de anticipaci\u00f3n para una mayor probabilidad de disponibilidad. Al recibir&hellip;","_links":{"self":[{"href":"https:\/\/alquiladoracoyoacan.com\/wp-json\/wp\/v3\/product\/4909","targetHints":{"allow":["GET"]}}],"collection":[{"href":"https:\/\/alquiladoracoyoacan.com\/wp-json\/wp\/v3\/product"}],"about":[{"href":"https:\/\/alquiladoracoyoacan.com\/wp-json\/wp\/v2\/types\/product"}],"replies":[{"embeddable":true,"href":"https:\/\/alquiladoracoyoacan.com\/wp-json\/wp\/v2\/comments?post=4909"}],"wp:featuredmedia":[{"embeddable":true,"href":"https:\/\/alquiladoracoyoacan.com\/wp-json\/wp\/v2\/media\/4907"}],"wp:attachment":[{"href":"https:\/\/alquiladoracoyoacan.com\/wp-json\/wp\/v2\/media?parent=4909"}],"wp:term":[{"taxonomy":"product_cat","embeddable":true,"href":"https:\/\/alquiladoracoyoacan.com\/wp-json\/wp\/v2\/product_cat?post=4909"},{"taxonomy":"product_tag","embeddable":true,"href":"https:\/\/alquiladoracoyoacan.com\/wp-json\/wp\/v2\/product_tag?post=4909"}],"curies":[{"name":"wp","href":"https:\/\/api.w.org\/{rel}","templated":true}]}}